{"id":70,"date":"2018-09-15T13:14:46","date_gmt":"2018-09-15T10:14:46","guid":{"rendered":"http:\/\/demo.safirtema.com\/denge\/?page_id=70"},"modified":"2025-11-26T16:09:57","modified_gmt":"2025-11-26T13:09:57","slug":"hakkimizda","status":"publish","type":"page","link":"https:\/\/tlskimya.com.tr\/?page_id=70","title":{"rendered":"Hakk\u0131m\u0131zda"},"content":{"rendered":"<p><img loading=\"lazy\" decoding=\"async\" class=\"aligncenter wp-image-73 size-full\" src=\"https:\/\/tlskimya.com.tr\/wp-content\/uploads\/2018\/09\/hakkimizda.jpeg\" alt=\"\" width=\"770\" height=\"353\" srcset=\"https:\/\/tlskimya.com.tr\/wp-content\/uploads\/2018\/09\/hakkimizda.jpeg 770w, https:\/\/tlskimya.com.tr\/wp-content\/uploads\/2018\/09\/hakkimizda-300x138.jpeg 300w, https:\/\/tlskimya.com.tr\/wp-content\/uploads\/2018\/09\/hakkimizda-768x352.jpeg 768w\" sizes=\"auto, (max-width: 770px) 100vw, 770px\" \/><\/p>\n<p>Atlas \u0130nternational Group olarak 2020 y\u0131l\u0131nda medyadan bili\u015fime, petrol \u00fcr\u00fcnlerinden metal<br \/>\nsanayine, 42 farkl\u0131 alanda faaliyet g\u00f6sterecek firmam\u0131z\u0131n kurulu\u015funu ger\u00e7ekle\u015ftirdik.<br \/>\nT\u00fcrkiye ekonomisine katk\u0131 sa\u011flamak amac\u0131yla \u00f6ncelikle markala\u015fma ve ihracat \u00e7al\u0131\u015fmalar\u0131m\u0131zla,<br \/>\nko\u015fulsuz m\u00fc\u015fteri memnuniyeti d\u00fcsturu ile \u00f6n planda olmay\u0131 kendimize hedef olarak belirledik.<br \/>\nAsya, Avrupa ve Afrika \u00fclkeleriyle ticari faaliyetlerimiz devam etmektedir. \u00dcretime dayal\u0131 ihracat<br \/>\n\u00e7al\u0131\u015fmalar\u0131 ve planlar\u0131m\u0131z\u0131 s\u00fcrd\u00fcrmekteyiz. Faaliyet alanlar\u0131m\u0131za g\u00f6re ihracat ve ithalat<br \/>\nyapmaktay\u0131z.<br \/>\nSekt\u00f6rel olarak geli\u015fmekte olan firmam\u0131z Atlas Internat\u0131onal Group\u2019un, faaliyetteki<br \/>\nkurulu\u015flar\u0131m\u0131zdan TLS K\u0130MYA ile hijyen \u00fcr\u00fcnler ticaretimize de ba\u015flad\u0131k.<br \/>\nKonusunda uzman kimyagerlerin himayesinde \u00fcretilen genel temizlik \u00fcr\u00fcnleri, ev ofis temizli\u011fi,<br \/>\nki\u015fisel bak\u0131m, oda kokular\u0131, end\u00fcstriyel temizlik, mutfak banyo temizli\u011fi, \u00e7ama\u015f\u0131r, oto grubu ve<br \/>\norganik ya\u011flar olmak \u00fczere farkl\u0131 bran\u015flardaki \u00fcr\u00fcnlerin sat\u0131\u015f\u0131n\u0131 yapmaktay\u0131z.<\/p>\n<p><strong>M\u0130SYONUMUZ<\/strong><\/p>\n<p>\u0130nsan haklar\u0131na ve m\u00fc\u015fteri de\u011ferlerine sayg\u0131l\u0131, do\u011fa ile dost \u00fcr\u00fcnlerle, yenilik\u00e7i ve \u00f6nc\u00fc bir anlay\u0131\u015fla<br \/>\nhem m\u00fc\u015fteri, hem \u00e7evremizin ko\u015fulsuz memnuniyetini en \u00fcst d\u00fczeyde tutmakt\u0131r. B\u00fcnyemizde s\u00fcrekli<br \/>\niyile\u015ftirme \u00e7al\u0131\u015fmalar\u0131m\u0131zla y\u00fckselen vizyon sahibi olup ticari faaliyetlerimizi artt\u0131rma hedefini<br \/>\nkendimize d\u00fcstur edindik.<\/p>\n<p><strong>V\u0130ZYONUMUZ<\/strong><\/p>\n<p>Bir \u00e7ok sekt\u00f6rde oldu\u011fu gibi TLS K\u0130MYA b\u00fcnyemizdeki \u00fcr\u00fcnlerimizle, markam\u0131z\u0131 ulusal ve<br \/>\nuluslararas\u0131 d\u00fczeyde g\u00fc\u00e7l\u00fc ve kabul g\u00f6ren bir konuma ta\u015f\u0131mak istiyoruz. Uluslararas\u0131<br \/>\nd\u00fczeyde markala\u015fma hedefimize ula\u015fmak i\u00e7in azimle gayretle \u00e7al\u0131\u015f\u0131yoruz.<\/p>\n<p>&nbsp;<\/p>\n","protected":false},"excerpt":{"rendered":"<p>Atlas \u0130nternational Group olarak 2020 y\u0131l\u0131nda medyadan bili\u015fime, petrol \u00fcr\u00fcnlerinden metal sanayine, 42 farkl\u0131 alanda faaliyet g\u00f6sterecek firmam\u0131z\u0131n kurulu\u015funu ger\u00e7ekle\u015ftirdik. T\u00fcrkiye ekonomisine katk\u0131 sa\u011flamak amac\u0131yla \u00f6ncelikle markala\u015fma ve ihracat \u00e7al\u0131\u015fmalar\u0131m\u0131zla, ko\u015fulsuz m\u00fc\u015fteri memnuniyeti d\u00fcsturu ile \u00f6n planda olmay\u0131 kendimize hedef olarak belirledik. Asya, Avrupa ve Afrika \u00fclkeleriyle ticari faaliyetlerimiz devam etmektedir. \u00dcretime dayal\u0131 ihracat \u00e7al\u0131\u015fmalar\u0131 [&hellip;]<\/p>\n","protected":false},"author":1,"featured_media":0,"parent":0,"menu_order":0,"comment_status":"closed","ping_status":"closed","template":"","meta":{"footnotes":""},"class_list":["post-70","page","type-page","status-publish","hentry"],"_links":{"self":[{"href":"https:\/\/tlskimya.com.tr\/index.php?rest_route=\/wp\/v2\/pages\/70","targetHints":{"allow":["GET"]}}],"collection":[{"href":"https:\/\/tlskimya.com.tr\/index.php?rest_route=\/wp\/v2\/pages"}],"about":[{"href":"https:\/\/tlskimya.com.tr\/index.php?rest_route=\/wp\/v2\/types\/page"}],"author":[{"embeddable":true,"href":"https:\/\/tlskimya.com.tr\/index.php?rest_route=\/wp\/v2\/users\/1"}],"replies":[{"embeddable":true,"href":"https:\/\/tlskimya.com.tr\/index.php?rest_route=%2Fwp%2Fv2%2Fcomments&post=70"}],"version-history":[{"count":13,"href":"https:\/\/tlskimya.com.tr\/index.php?rest_route=\/wp\/v2\/pages\/70\/revisions"}],"predecessor-version":[{"id":457,"href":"https:\/\/tlskimya.com.tr\/index.php?rest_route=\/wp\/v2\/pages\/70\/revisions\/457"}],"wp:attachment":[{"href":"https:\/\/tlskimya.com.tr\/index.php?rest_route=%2Fwp%2Fv2%2Fmedia&parent=70"}],"curies":[{"name":"wp","href":"https:\/\/api.w.org\/{rel}","templated":true}]}}